{"id":112,"date":"2020-09-04T16:00:11","date_gmt":"2020-09-04T16:00:11","guid":{"rendered":"https:\/\/wp.piensospadul.com\/?page_id=112"},"modified":"2020-09-23T16:28:30","modified_gmt":"2020-09-23T16:28:30","slug":"la-empresa","status":"publish","type":"page","link":"https:\/\/wp.piensospadul.com\/index.php\/la-empresa\/","title":{"rendered":"La Empresa"},"content":{"rendered":"<p>[et_pb_section fb_built=\u00bb1&#8243; admin_label=\u00bbHeader\u00bb _builder_version=\u00bb4.4.6&#8243; use_background_color_gradient=\u00bbon\u00bb background_color_gradient_start=\u00bbrgba(248,248,248,0.84)\u00bb background_color_gradient_end=\u00bbrgba(255,255,255,0.7)\u00bb background_color_gradient_type=\u00bbradial\u00bb background_color_gradient_direction_radial=\u00bbtop\u00bb background_color_gradient_start_position=\u00bb60%\u00bb background_color_gradient_overlays_image=\u00bbon\u00bb background_image=\u00bbhttps:\/\/wp.piensospadul.com\/wp-content\/uploads\/2020\/09\/fondo2.jpg\u00bb background_size=\u00bbinitial\u00bb background_position=\u00bbtop_left\u00bb max_width_last_edited=\u00bboff|desktop\u00bb module_alignment=\u00bbcenter\u00bb custom_margin=\u00bb-0.2%|5%||5%||true\u00bb custom_margin_tablet=\u00bb0%|0%||0%||true\u00bb custom_margin_phone=\u00bb\u00bb custom_margin_last_edited=\u00bbon|desktop\u00bb custom_padding=\u00bb6vw||6vw||true|false\u00bb background_last_edited=\u00bbon|phone\u00bb background_position_phone=\u00bbcenter\u00bb][et_pb_row _builder_version=\u00bb3.25&#8243;][et_pb_column type=\u00bb4_4&#8243; _builder_version=\u00bb3.25&#8243; custom_padding=\u00bb|||\u00bb custom_padding__hover=\u00bb|||\u00bb][et_pb_text _builder_version=\u00bb4.4.6&#8243; text_font=\u00bb||||||||\u00bb text_font_size=\u00bb16px\u00bb text_line_height=\u00bb1.8em\u00bb header_font=\u00bbFrank Ruhl Libre||||||||\u00bb header_font_size=\u00bb70px\u00bb header_line_height=\u00bb1.4em\u00bb max_width=\u00bb600px\u00bb module_alignment=\u00bbright\u00bb header_font_size_tablet=\u00bb50px\u00bb header_font_size_phone=\u00bb32px\u00bb header_font_size_last_edited=\u00bbon|phone\u00bb locked=\u00bboff\u00bb]<\/p>\n<h1>Quienes Somos<\/h1>\n<p>[\/et_pb_text][et_pb_text _builder_version=\u00bb4.4.6&#8243; text_font=\u00bbPoppins|500|||||||\u00bb text_text_color=\u00bb#474747&#8243; text_font_size=\u00bb15px\u00bb text_line_height=\u00bb1.8em\u00bb header_font=\u00bbFrank Ruhl Libre||||||||\u00bb header_font_size=\u00bb70px\u00bb header_line_height=\u00bb1.4em\u00bb max_width=\u00bb600px\u00bb module_alignment=\u00bbright\u00bb header_font_size_tablet=\u00bb50px\u00bb header_font_size_phone=\u00bb32px\u00bb header_font_size_last_edited=\u00bbon|phone\u00bb locked=\u00bboff\u00bb]<\/p>\n<p>Cereales y Piensos Padul &#8211; Fernando Garc\u00eda &#8211; Agricentro empez\u00f3 como almac\u00e9n de cereales cubriendo gran parte del mercado provincial.<\/p>\n<p>En los a\u00f1os posteriores ha ido aumentando el mercado y ampli\u00f3 a la fabricaci\u00f3n de piensos de animales de todo tipo (gallinas, cerdos, caballos, cabras..), <strong>pienso ecol\u00f3gico<\/strong>, as\u00ed como la creaci\u00f3n de un Agricentro dotado de todo tipo de accesorios para mascotas, jard\u00edn, piscinas, abonos, etc.<\/p>\n<p>Actualmente Cereales Padul cuenta con 30 a\u00f1os de experiencia en el sector.<\/p>\n<p>Disponemos de todo tipo de piensos para la ganader\u00eda y animales o mascotas junto con una amplia gama de abonos y nutrientes para cualquier tipo de cultivos adem\u00e1s de una gran variedad de art\u00edculos para la cacer\u00eda y equitaci\u00f3n.<\/p>\n<p>[\/et_pb_text][\/et_pb_column][\/et_pb_row][\/et_pb_section][et_pb_section fb_built=\u00bb1&#8243; admin_label=\u00bbFeatures\u00bb _builder_version=\u00bb3.22&#8243; locked=\u00bboff\u00bb][et_pb_row column_structure=\u00bb1_3,1_3,1_3&#8243; _builder_version=\u00bb3.25&#8243; max_width=\u00bb1280px\u00bb use_custom_width=\u00bbon\u00bb custom_width_px=\u00bb1280px\u00bb][et_pb_column type=\u00bb1_3&#8243; _builder_version=\u00bb3.25&#8243; custom_padding=\u00bb|||\u00bb custom_padding__hover=\u00bb|||\u00bb][et_pb_text _builder_version=\u00bb4.4.6&#8243; text_font=\u00bb||||||||\u00bb text_line_height=\u00bb2em\u00bb header_font=\u00bb||||||||\u00bb header_5_font=\u00bbFrank Ruhl Libre|300|||||||\u00bb header_5_font_size=\u00bb46px\u00bb header_5_line_height=\u00bb1.2em\u00bb header_6_font=\u00bbFrank Ruhl Libre||||||||\u00bb use_background_color_gradient=\u00bbon\u00bb background_color_gradient_start=\u00bb#334919&#8243; background_color_gradient_end=\u00bbrgba(51,73,25,0.73)\u00bb background_color_gradient_direction=\u00bb160deg\u00bb background_color_gradient_start_position=\u00bb15%\u00bb background_color_gradient_overlays_image=\u00bbon\u00bb background_image=\u00bbhttps:\/\/wp.piensospadul.com\/wp-content\/uploads\/2020\/09\/plant-nursery-25.jpg\u00bb text_orientation=\u00bbcenter\u00bb background_layout=\u00bbdark\u00bb custom_padding=\u00bb20%|24px|20%|24px|true|true\u00bb animation_style=\u00bbzoom\u00bb animation_duration=\u00bb1500ms\u00bb animation_intensity_zoom=\u00bb5%\u00bb header_5_font_size_tablet=\u00bb\u00bb header_5_font_size_phone=\u00bb36px\u00bb header_5_font_size_last_edited=\u00bbon|phone\u00bb box_shadow_style=\u00bbpreset3&#8243; box_shadow_vertical=\u00bb50px\u00bb box_shadow_blur=\u00bb100px\u00bb]<\/p>\n<h5>Servicios<\/h5>\n<p>Reparto a Domicilio.<\/p>\n<p>Disponemos de B\u00e1scula Propia.<\/p>\n<p>Atenci\u00f3n Personalizada.<\/p>\n<p>[\/et_pb_text][\/et_pb_column][et_pb_column type=\u00bb1_3&#8243; _builder_version=\u00bb3.25&#8243; custom_padding=\u00bb|||\u00bb custom_padding__hover=\u00bb|||\u00bb][et_pb_text _builder_version=\u00bb4.4.6&#8243; text_font=\u00bb||||||||\u00bb text_line_height=\u00bb2em\u00bb header_font=\u00bb||||||||\u00bb header_5_font=\u00bbFrank Ruhl Libre|300|||||||\u00bb header_5_font_size=\u00bb46px\u00bb header_5_line_height=\u00bb1.2em\u00bb header_6_font=\u00bbFrank Ruhl Libre||||||||\u00bb use_background_color_gradient=\u00bbon\u00bb background_color_gradient_start=\u00bb#334919&#8243; background_color_gradient_end=\u00bbrgba(51,73,25,0.73)\u00bb background_color_gradient_direction=\u00bb160deg\u00bb background_color_gradient_start_position=\u00bb15%\u00bb background_color_gradient_overlays_image=\u00bbon\u00bb background_image=\u00bbhttps:\/\/wp.piensospadul.com\/wp-content\/uploads\/2020\/09\/plant-nursery-24.jpg\u00bb text_orientation=\u00bbcenter\u00bb background_layout=\u00bbdark\u00bb custom_margin=\u00bb|0px||20px||false\u00bb custom_margin_tablet=\u00bb|||0px\u00bb custom_margin_phone=\u00bb\u00bb custom_margin_last_edited=\u00bbon|tablet\u00bb custom_padding=\u00bb15%|24px|15%|24px|true|true\u00bb custom_padding_last_edited=\u00bboff|desktop\u00bb animation_style=\u00bbzoom\u00bb animation_duration=\u00bb1250ms\u00bb animation_intensity_zoom=\u00bb2%\u00bb header_5_font_size_tablet=\u00bb\u00bb header_5_font_size_phone=\u00bb36px\u00bb header_5_font_size_last_edited=\u00bbon|phone\u00bb box_shadow_style=\u00bbpreset3&#8243; box_shadow_vertical=\u00bb30px\u00bb box_shadow_blur=\u00bb60px\u00bb locked=\u00bboff\u00bb]<\/p>\n<h5>Productos<\/h5>\n<p>Hortalizas.<br \/>Mantas Aceitunas.<br \/>Mallas Cerca.<br \/>Ca\u00f1izos y Mibres.<br \/>Productos para Piscinas y m\u00e1s.<\/p>\n<p>[\/et_pb_text][\/et_pb_column][et_pb_column type=\u00bb1_3&#8243; _builder_version=\u00bb3.25&#8243; custom_padding=\u00bb|||\u00bb custom_padding__hover=\u00bb|||\u00bb][et_pb_text _builder_version=\u00bb4.4.6&#8243; text_font=\u00bb||||||||\u00bb text_line_height=\u00bb2em\u00bb header_font=\u00bb||||||||\u00bb header_5_font=\u00bbFrank Ruhl Libre|300|||||||\u00bb header_5_font_size=\u00bb46px\u00bb header_5_line_height=\u00bb1.2em\u00bb header_6_font=\u00bbFrank Ruhl Libre||||||||\u00bb use_background_color_gradient=\u00bbon\u00bb background_color_gradient_start=\u00bb#334919&#8243; background_color_gradient_end=\u00bbrgba(51,73,25,0.73)\u00bb background_color_gradient_direction=\u00bb160deg\u00bb background_color_gradient_start_position=\u00bb15%\u00bb background_color_gradient_overlays_image=\u00bbon\u00bb background_image=\u00bbhttps:\/\/wp.piensospadul.com\/wp-content\/uploads\/2020\/09\/plant-nursery-23.jpg\u00bb text_orientation=\u00bbcenter\u00bb background_layout=\u00bbdark\u00bb custom_margin=\u00bb|20px||20px||true\u00bb custom_margin_tablet=\u00bb|0px||0px||true\u00bb custom_margin_phone=\u00bb|||||false\u00bb custom_margin_last_edited=\u00bbon|tablet\u00bb custom_padding=\u00bb10%|24px|10%|24px|true|true\u00bb animation_style=\u00bbzoom\u00bb animation_intensity_zoom=\u00bb1%\u00bb header_5_font_size_tablet=\u00bb\u00bb header_5_font_size_phone=\u00bb36px\u00bb header_5_font_size_last_edited=\u00bbon|phone\u00bb box_shadow_style=\u00bbpreset3&#8243; box_shadow_vertical=\u00bb10px\u00bb box_shadow_blur=\u00bb20px\u00bb locked=\u00bboff\u00bb]<\/p>\n<h5>Ganader\u00eda<\/h5>\n<p>Animales vivos de corral<br \/><strong>Pienso Ecol\u00f3gico<\/strong>.<br \/> Productos Fitosanitarios.<br \/> Material Ganadero.<br \/> Jaulas.<br \/> y mucho m\u00e1s..<\/p>\n<p>[\/et_pb_text][\/et_pb_column][\/et_pb_row][\/et_pb_section][et_pb_section fb_built=\u00bb1&#8243; admin_label=\u00bbAbout us\u00bb _builder_version=\u00bb3.22&#8243;][et_pb_row column_structure=\u00bb1_2,1_2&#8243; custom_padding_last_edited=\u00bbon|desktop\u00bb padding_left_right_link_1=\u00bbfalse\u00bb _builder_version=\u00bb3.25&#8243; max_width=\u00bb1280px\u00bb custom_margin=\u00bb|||\u00bb custom_padding=\u00bb10px|30px|30px|30px|false|true\u00bb custom_padding_tablet=\u00bb0px|20px|20px|20px||true\u00bb custom_padding_phone=\u00bb\u00bb border_width_all=\u00bb8px\u00bb border_color_all=\u00bbrgba(115,39,39,0.06)\u00bb use_custom_width=\u00bbon\u00bb custom_width_px=\u00bb1280px\u00bb][et_pb_column type=\u00bb1_2&#8243; _builder_version=\u00bb3.25&#8243; custom_padding=\u00bb6vw|||40px\u00bb custom_padding_tablet=\u00bb|20px||20px\u00bb custom_padding_phone=\u00bb\u00bb custom_padding_last_edited=\u00bbon|tablet\u00bb padding_tablet=\u00bb|20px||20px\u00bb padding_last_edited=\u00bbon|tablet\u00bb custom_padding__hover=\u00bb|||\u00bb][et_pb_text _builder_version=\u00bb4.4.6&#8243; header_font=\u00bb||||||||\u00bb header_2_font=\u00bbFrank Ruhl Libre||||||||\u00bb header_2_font_size=\u00bb48px\u00bb header_2_line_height=\u00bb1.2em\u00bb header_3_font=\u00bb||||||||\u00bb custom_margin=\u00bb||20px|\u00bb header_2_font_size_tablet=\u00bb25px\u00bb header_2_font_size_phone=\u00bb20px\u00bb header_2_font_size_last_edited=\u00bbon|phone\u00bb]<\/p>\n<h2>En Nuestra Tienda<\/h2>\n<p>[\/et_pb_text][et_pb_divider color=\u00bb#979797&#8243; divider_weight=\u00bb2px\u00bb _builder_version=\u00bb3.12.1&#8243; max_width=\u00bb100px\u00bb locked=\u00bboff\u00bb][\/et_pb_divider][et_pb_text _builder_version=\u00bb4.4.6&#8243; text_font=\u00bb||||||||\u00bb text_font_size=\u00bb16px\u00bb text_line_height=\u00bb1.8em\u00bb custom_margin=\u00bb|||\u00bb custom_padding=\u00bb|||\u00bb animation_style=\u00bbslide\u00bb animation_direction=\u00bbleft\u00bb animation_intensity_slide=\u00bb5%\u00bb animation_starting_opacity=\u00bb100%\u00bb]<\/p>\n<ul>\n<li><span>Alimento y accesorios para mascotas (perros, gatos, p\u00e1jaros, ex\u00f3ticos..<\/span><\/li>\n<li><span>Plantas y semillas de temporada (ajos, patatas..)<\/span><\/li>\n<li><span>Animales vivos (pollos, pavos, gallinas..)<\/span><\/li>\n<li><span>Para su jard\u00edn: Substratos, mantillos, abonos org\u00e1nicos, as\u00ed como ca\u00f1izos, mimbres, todo tipo de mallas de sombreo y pl\u00e1sticos de invernadero y suelo.<\/span><\/li>\n<li>Material ganadero de todo tipo, mallas y puertas met\u00e1licas.<\/li>\n<li>Pellets de varios tipos y hueso de aceituna.<\/li>\n<li>Cer\u00e1micas y maceteros.<\/li>\n<li>Abonos<\/li>\n<\/ul>\n<p>[\/et_pb_text][\/et_pb_column][et_pb_column type=\u00bb1_2&#8243; _builder_version=\u00bb3.25&#8243; custom_padding=\u00bb|||\u00bb custom_padding__hover=\u00bb|||\u00bb][et_pb_image src=\u00bbhttps:\/\/wp.piensospadul.com\/wp-content\/uploads\/2020\/09\/pp7.jpg\u00bb title_text=\u00bbpp7&#8243; align_tablet=\u00bbcenter\u00bb align_phone=\u00bb\u00bb align_last_edited=\u00bbon|desktop\u00bb _builder_version=\u00bb4.4.6&#8243; border_width_all=\u00bb24px\u00bb border_color_all=\u00bb#ffffff\u00bb box_shadow_style=\u00bbpreset3&#8243; box_shadow_vertical=\u00bb70px\u00bb box_shadow_blur=\u00bb140px\u00bb box_shadow_spread=\u00bb-40px\u00bb box_shadow_color=\u00bbrgba(0,0,0,0.4)\u00bb][\/et_pb_image][\/et_pb_column][\/et_pb_row][\/et_pb_section][et_pb_section fb_built=\u00bb1&#8243; admin_label=\u00bbWhat We Do\u00bb _builder_version=\u00bb3.22&#8243; custom_padding=\u00bb0px||0px||false\u00bb locked=\u00bboff\u00bb collapsed=\u00bboff\u00bb][et_pb_row column_structure=\u00bb1_2,1_2&#8243; make_equal=\u00bbon\u00bb padding_top_bottom_link_2=\u00bbtrue\u00bb padding_left_right_link_2=\u00bbfalse\u00bb _builder_version=\u00bb4.4.6&#8243; background_color=\u00bb#000000&#8243; width=\u00bb100%\u00bb max_width=\u00bb100%\u00bb custom_padding=\u00bb0px||0px||true\u00bb use_custom_width=\u00bbon\u00bb width_unit=\u00bboff\u00bb custom_width_percent=\u00bb100%\u00bb][et_pb_column type=\u00bb1_2&#8243; _builder_version=\u00bb4.4.6&#8243; background_image=\u00bbhttps:\/\/wp.piensospadul.com\/wp-content\/uploads\/2020\/09\/pp2.jpg\u00bb custom_padding=\u00bb|||\u00bb custom_padding__hover=\u00bb|||\u00bb][et_pb_divider show_divider=\u00bboff\u00bb _builder_version=\u00bb3.12.2&#8243; height=\u00bb300px\u00bb][\/et_pb_divider][\/et_pb_column][et_pb_column type=\u00bb1_2&#8243; _builder_version=\u00bb3.25&#8243; custom_padding=\u00bb6vw|10vw|6vw|5vw\u00bb custom_padding_tablet=\u00bb|10%||10%||true\u00bb custom_padding_phone=\u00bb|3vw||3vw\u00bb custom_padding_last_edited=\u00bbon|tablet\u00bb padding_phone=\u00bb|3vw||3vw\u00bb padding_tablet=\u00bb|10%||10%||true\u00bb padding_last_edited=\u00bbon|tablet\u00bb custom_padding__hover=\u00bb|||\u00bb][et_pb_text _builder_version=\u00bb4.4.6&#8243; text_font=\u00bb||||||||\u00bb ul_font=\u00bb||||||||\u00bb ol_font=\u00bb||||||||\u00bb header_font=\u00bb||||||||\u00bb header_2_font=\u00bbFrank Ruhl Libre||||||||\u00bb header_2_font_size=\u00bb48px\u00bb header_2_line_height=\u00bb1.4em\u00bb header_3_font=\u00bb||||||||\u00bb header_4_font=\u00bb||||||||\u00bb header_5_font=\u00bb||||||||\u00bb header_6_font=\u00bb||||||||\u00bb background_layout=\u00bbdark\u00bb max_width=\u00bb700px\u00bb header_2_font_size_tablet=\u00bb\u00bb header_2_font_size_phone=\u00bb28px\u00bb header_2_font_size_last_edited=\u00bbon|phone\u00bb]<\/p>\n<h2>Productos Piscinas<\/h2>\n<p>[\/et_pb_text][et_pb_divider color=\u00bb#979797&#8243; divider_weight=\u00bb2px\u00bb _builder_version=\u00bb3.12.2&#8243; max_width=\u00bb100px\u00bb][\/et_pb_divider][et_pb_text _builder_version=\u00bb4.4.6&#8243; text_font=\u00bbPoppins||||||||\u00bb text_font_size=\u00bb16px\u00bb text_line_height=\u00bb1.8em\u00bb background_layout=\u00bbdark\u00bb max_width=\u00bb700px\u00bb custom_margin=\u00bb|||\u00bb]<\/p>\n<p>Mant\u00e9n tu piscina limpia durante todo el a\u00f1o con los\u00a0productos\u00a0de limpieza e higiene\u00a0para piscinas.<\/p>\n<ul>\n<li>Cloro<\/li>\n<li>Alguicida<\/li>\n<li>Reductor PH<\/li>\n<li>Test de PH<\/li>\n<li>Recogehojas<\/li>\n<li>Y m\u00e1s accesorios..<\/li>\n<\/ul>\n<p>[\/et_pb_text][\/et_pb_column][\/et_pb_row][\/et_pb_section][et_pb_section fb_built=\u00bb1&#8243; admin_label=\u00bbFooter\u00bb _builder_version=\u00bb3.22&#8243; animation_style=\u00bbslide\u00bb animation_direction=\u00bbbottom\u00bb animation_intensity_slide=\u00bb5%\u00bb saved_tabs=\u00bball\u00bb][et_pb_row column_structure=\u00bb1_2,1_2&#8243; _builder_version=\u00bb3.25&#8243;][et_pb_column type=\u00bb1_2&#8243; _builder_version=\u00bb3.25&#8243; custom_padding=\u00bb|||\u00bb custom_padding__hover=\u00bb|||\u00bb][et_pb_text _builder_version=\u00bb4.4.6&#8243; header_font=\u00bb||||||||\u00bb header_2_font=\u00bbFrank Ruhl Libre||||||||\u00bb header_2_font_size=\u00bb48px\u00bb header_2_line_height=\u00bb1.4em\u00bb header_2_font_size_tablet=\u00bb\u00bb header_2_font_size_phone=\u00bb28px\u00bb header_2_font_size_last_edited=\u00bbon|desktop\u00bb locked=\u00bboff\u00bb]<\/p>\n<h2>Cont\u00e1ctenos!<\/h2>\n<p>[\/et_pb_text][et_pb_divider color=\u00bb#979797&#8243; divider_weight=\u00bb2px\u00bb _builder_version=\u00bb3.12.1&#8243; max_width=\u00bb100px\u00bb locked=\u00bboff\u00bb][\/et_pb_divider][\/et_pb_column][et_pb_column type=\u00bb1_2&#8243; _builder_version=\u00bb3.25&#8243; custom_padding=\u00bb|||\u00bb custom_padding__hover=\u00bb|||\u00bb][et_pb_text _builder_version=\u00bb4.4.6&#8243; text_font=\u00bbFrank Ruhl Libre|700|||||||\u00bb text_text_color=\u00bb#f3c370&#8243; text_font_size=\u00bb48px\u00bb text_line_height=\u00bb1.8em\u00bb header_font=\u00bb||||||||\u00bb text_orientation=\u00bbright\u00bb text_font_size_tablet=\u00bb\u00bb text_font_size_phone=\u00bb28px\u00bb text_font_size_last_edited=\u00bbon|phone\u00bb]<\/p>\n<p>958 773 619<\/p>\n<p>[\/et_pb_text][\/et_pb_column][\/et_pb_row][\/et_pb_section]<\/p>\n","protected":false},"excerpt":{"rendered":"<p>[et_pb_section fb_built=\u00bb1&#8243; admin_label=\u00bbHeader\u00bb _builder_version=\u00bb4.4.6&#8243; use_background_color_gradient=\u00bbon\u00bb background_color_gradient_start=\u00bbrgba(248,248,248,0.84)\u00bb background_color_gradient_end=\u00bbrgba(255,255,255,0.7)\u00bb background_color_gradient_type=\u00bbradial\u00bb background_color_gradient_direction_radial=\u00bbtop\u00bb background_color_gradient_start_position=\u00bb60%\u00bb background_color_gradient_overlays_image=\u00bbon\u00bb background_image=\u00bbhttps:\/\/wp.piensospadul.com\/wp-content\/uploads\/2020\/09\/fondo2.jpg\u00bb background_size=\u00bbinitial\u00bb background_position=\u00bbtop_left\u00bb max_width_last_edited=\u00bboff|desktop\u00bb module_alignment=\u00bbcenter\u00bb custom_margin=\u00bb-0.2%|5%||5%||true\u00bb custom_margin_tablet=\u00bb0%|0%||0%||true\u00bb custom_margin_phone=\u00bb\u00bb custom_margin_last_edited=\u00bbon|desktop\u00bb custom_padding=\u00bb6vw||6vw||true|false\u00bb background_last_edited=\u00bbon|phone\u00bb background_position_phone=\u00bbcenter\u00bb][et_pb_row _builder_version=\u00bb3.25&#8243;][et_pb_column type=\u00bb4_4&#8243; _builder_version=\u00bb3.25&#8243; custom_padding=\u00bb|||\u00bb custom_padding__hover=\u00bb|||\u00bb][et_pb_text _builder_version=\u00bb4.4.6&#8243; text_font=\u00bb||||||||\u00bb text_font_size=\u00bb16px\u00bb text_line_height=\u00bb1.8em\u00bb header_font=\u00bbFrank Ruhl Libre||||||||\u00bb header_font_size=\u00bb70px\u00bb header_line_height=\u00bb1.4em\u00bb max_width=\u00bb600px\u00bb module_alignment=\u00bbright\u00bb header_font_size_tablet=\u00bb50px\u00bb header_font_size_phone=\u00bb32px\u00bb header_font_size_last_edited=\u00bbon|phone\u00bb locked=\u00bboff\u00bb] Quienes Somos [\/et_pb_text][et_pb_text _builder_version=\u00bb4.4.6&#8243; text_font=\u00bbPoppins|500|||||||\u00bb text_text_color=\u00bb#474747&#8243; text_font_size=\u00bb15px\u00bb text_line_height=\u00bb1.8em\u00bb header_font=\u00bbFrank Ruhl Libre||||||||\u00bb header_font_size=\u00bb70px\u00bb [&hellip;]<\/p>\n","protected":false},"author":1,"featured_media":0,"parent":0,"menu_order":0,"comment_status":"closed","ping_status":"closed","template":"","meta":{"_et_pb_use_builder":"on","_et_pb_old_content":"","_et_gb_content_width":"","footnotes":""},"class_list":["post-112","page","type-page","status-publish","hentry"],"_links":{"self":[{"href":"https:\/\/wp.piensospadul.com\/index.php\/wp-json\/wp\/v2\/pages\/112","targetHints":{"allow":["GET"]}}],"collection":[{"href":"https:\/\/wp.piensospadul.com\/index.php\/wp-json\/wp\/v2\/pages"}],"about":[{"href":"https:\/\/wp.piensospadul.com\/index.php\/wp-json\/wp\/v2\/types\/page"}],"author":[{"embeddable":true,"href":"https:\/\/wp.piensospadul.com\/index.php\/wp-json\/wp\/v2\/users\/1"}],"replies":[{"embeddable":true,"href":"https:\/\/wp.piensospadul.com\/index.php\/wp-json\/wp\/v2\/comments?post=112"}],"version-history":[{"count":35,"href":"https:\/\/wp.piensospadul.com\/index.php\/wp-json\/wp\/v2\/pages\/112\/revisions"}],"predecessor-version":[{"id":521,"href":"https:\/\/wp.piensospadul.com\/index.php\/wp-json\/wp\/v2\/pages\/112\/revisions\/521"}],"wp:attachment":[{"href":"https:\/\/wp.piensospadul.com\/index.php\/wp-json\/wp\/v2\/media?parent=112"}],"curies":[{"name":"wp","href":"https:\/\/api.w.org\/{rel}","templated":true}]}}