{"id":322,"date":"2020-09-16T17:48:19","date_gmt":"2020-09-16T17:48:19","guid":{"rendered":"https:\/\/wp.piensospadul.com\/?page_id=322"},"modified":"2023-08-07T15:14:29","modified_gmt":"2023-08-07T15:14:29","slug":"322-2","status":"publish","type":"page","link":"https:\/\/wp.piensospadul.com\/index.php\/322-2\/","title":{"rendered":"Galer\u00eda"},"content":{"rendered":"<p>[et_pb_section fb_built=\u00bb1&#8243; _builder_version=\u00bb4.4.6&#8243;][et_pb_row use_custom_gutter=\u00bbon\u00bb gutter_width=\u00bb2&#8243; custom_padding_last_edited=\u00bbon|phone\u00bb _builder_version=\u00bb4.4.6&#8243; width=\u00bb100%\u00bb max_width=\u00bb100%\u00bb custom_padding=\u00bb|3%||3%|false|true\u00bb custom_padding_tablet=\u00bb|5%||5%|false|true\u00bb custom_padding_phone=\u00bb|||5%|false|false\u00bb][et_pb_column type=\u00bb4_4&#8243; _builder_version=\u00bb4.4.6&#8243;][et_pb_gallery gallery_ids=\u00bb320,227,350,351,352,353,354,355,356,357,358,359,360,361,362,657,656,655,654,653,652,651,650&#8243; posts_number=\u00bb30&#8243; show_title_and_caption=\u00bboff\u00bb show_pagination=\u00bboff\u00bb zoom_icon_color=\u00bb#ffffff\u00bb hover_overlay_color=\u00bbrgba(71,71,71,0.64)\u00bb hover_icon=\u00bb%%15%%\u00bb _builder_version=\u00bb4.4.6&#8243;][\/et_pb_gallery][\/et_pb_column][\/et_pb_row][\/et_pb_section][et_pb_section fb_built=\u00bb1&#8243; prev_background_color=\u00bb#ffffff\u00bb admin_label=\u00bbSpecial Offer Section\u00bb _builder_version=\u00bb4.4.6&#8243; background_color=\u00bb#e7efef\u00bb use_background_color_gradient=\u00bbon\u00bb background_color_gradient_start=\u00bbrgba(235,235,235,0)\u00bb background_color_gradient_end=\u00bb#ebebeb\u00bb background_color_gradient_direction=\u00bb90deg\u00bb background_color_gradient_end_position=\u00bb70%\u00bb background_color_gradient_overlays_image=\u00bbon\u00bb background_enable_image=\u00bboff\u00bb background_size=\u00bbcontain\u00bb background_position=\u00bbtop_left\u00bb background_blend=\u00bbmultiply\u00bb custom_padding=\u00bb12%|0px|10%|0px\u00bb top_divider_style=\u00bbslant\u00bb][et_pb_row column_structure=\u00bb1_2,1_2&#8243; admin_label=\u00bbRow\u00bb _builder_version=\u00bb3.25&#8243;][et_pb_column type=\u00bb1_2&#8243; _builder_version=\u00bb3.25&#8243; custom_padding=\u00bb|||\u00bb custom_padding__hover=\u00bb|||\u00bb][et_pb_image src=\u00bbhttps:\/\/wp.piensospadul.com\/wp-content\/uploads\/2020\/09\/banner3.jpg\u00bb title_text=\u00bbbanner3&#8243; align=\u00bbcenter\u00bb _builder_version=\u00bb4.4.6&#8243; background_enable_image=\u00bboff\u00bb border_width_all=\u00bb14px\u00bb][\/et_pb_image][\/et_pb_column][et_pb_column type=\u00bb1_2&#8243; _builder_version=\u00bb3.25&#8243; custom_padding=\u00bb|||\u00bb custom_padding__hover=\u00bb|||\u00bb][et_pb_text _builder_version=\u00bb4.4.6&#8243; text_font=\u00bbPoppins|600|||||||\u00bb text_font_size=\u00bb16px\u00bb text_line_height=\u00bb1.8em\u00bb header_font=\u00bb||||||||\u00bb custom_margin=\u00bb||0px|\u00bb custom_padding=\u00bb|||\u00bb animation_style=\u00bbfold\u00bb animation_direction=\u00bbbottom\u00bb animation_starting_opacity=\u00bb100%\u00bb]<\/p>\n<p style=\"text-align: center;\">Disponemos de<\/p>\n<p>[\/et_pb_text][et_pb_text _builder_version=\u00bb4.4.6&#8243; text_font=\u00bbPoppins|600|||||||\u00bb text_text_color=\u00bb#2a2a2a\u00bb text_font_size=\u00bb60px\u00bb text_line_height=\u00bb1.3em\u00bb text_orientation=\u00bbcenter\u00bb custom_margin=\u00bb||0px|\u00bb custom_padding=\u00bb|||\u00bb animation_style=\u00bbfold\u00bb animation_direction=\u00bbbottom\u00bb animation_starting_opacity=\u00bb100%\u00bb]<\/p>\n<p>Pienso Ecol\u00f3gico<\/p>\n<p>[\/et_pb_text][et_pb_text _builder_version=\u00bb4.4.6&#8243; text_font=\u00bb||||||||\u00bb text_font_size=\u00bb16px\u00bb text_line_height=\u00bb1.8em\u00bb custom_margin=\u00bb|||\u00bb custom_padding=\u00bb|||\u00bb animation_style=\u00bbslide\u00bb animation_direction=\u00bbleft\u00bb animation_intensity_slide=\u00bb5%\u00bb animation_starting_opacity=\u00bb100%\u00bb]<\/p>\n<ul>\n<li><span>Alimento y accesorios para mascotas (perros, gatos, p\u00e1jaros, ex\u00f3ticos..<\/span><\/li>\n<li><span>Plantas y semillas de temporada (ajos, patatas..)<\/span><\/li>\n<li><span>Animales vivos (pollos, pavos, gallinas..)<\/span><\/li>\n<li><span>Para su jard\u00edn: Substratos, mantillos, abonos org\u00e1nicos, as\u00ed como ca\u00f1izos, mimbres, todo tipo de mallas de sombreo y pl\u00e1sticos de invernadero y suelo.<\/span><\/li>\n<li>Material ganadero de todo tipo, mallas y puertas met\u00e1licas.<\/li>\n<li>Pellets de varios tipos y hueso de aceituna.<\/li>\n<li>Cer\u00e1micas y maceteros.<\/li>\n<li>Abonos<\/li>\n<\/ul>\n<p>[\/et_pb_text][\/et_pb_column][\/et_pb_row][\/et_pb_section][et_pb_section fb_built=\u00bb1&#8243; admin_label=\u00bbFooter\u00bb _builder_version=\u00bb3.22&#8243; animation_style=\u00bbslide\u00bb animation_direction=\u00bbbottom\u00bb animation_intensity_slide=\u00bb5%\u00bb saved_tabs=\u00bball\u00bb][et_pb_row column_structure=\u00bb1_2,1_2&#8243; _builder_version=\u00bb3.25&#8243;][et_pb_column type=\u00bb1_2&#8243; _builder_version=\u00bb3.25&#8243; custom_padding=\u00bb|||\u00bb custom_padding__hover=\u00bb|||\u00bb][et_pb_text _builder_version=\u00bb4.4.6&#8243; header_font=\u00bb||||||||\u00bb header_2_font=\u00bbFrank Ruhl Libre||||||||\u00bb header_2_font_size=\u00bb48px\u00bb header_2_line_height=\u00bb1.4em\u00bb header_2_font_size_tablet=\u00bb\u00bb header_2_font_size_phone=\u00bb28px\u00bb header_2_font_size_last_edited=\u00bbon|desktop\u00bb locked=\u00bboff\u00bb]<\/p>\n<h2>Cont\u00e1ctenos!<\/h2>\n<p>[\/et_pb_text][et_pb_divider color=\u00bb#979797&#8243; divider_weight=\u00bb2px\u00bb _builder_version=\u00bb3.12.1&#8243; max_width=\u00bb100px\u00bb locked=\u00bboff\u00bb][\/et_pb_divider][\/et_pb_column][et_pb_column type=\u00bb1_2&#8243; _builder_version=\u00bb3.25&#8243; custom_padding=\u00bb|||\u00bb custom_padding__hover=\u00bb|||\u00bb][et_pb_text _builder_version=\u00bb4.4.6&#8243; text_font=\u00bbFrank Ruhl Libre|700|||||||\u00bb text_text_color=\u00bb#f3c370&#8243; text_font_size=\u00bb48px\u00bb text_line_height=\u00bb1.8em\u00bb header_font=\u00bb||||||||\u00bb text_orientation=\u00bbright\u00bb text_font_size_tablet=\u00bb\u00bb text_font_size_phone=\u00bb28px\u00bb text_font_size_last_edited=\u00bbon|phone\u00bb]<\/p>\n<p>958 773 619<\/p>\n<p>[\/et_pb_text][\/et_pb_column][\/et_pb_row][\/et_pb_section][et_pb_section fb_built=\u00bb1&#8243; admin_label=\u00bbServices\u00bb _builder_version=\u00bb3.22&#8243; custom_padding=\u00bb50px|0px|0|0px|false|false\u00bb][et_pb_row column_structure=\u00bb1_4,1_4,1_4,1_4&#8243; use_custom_gutter=\u00bbon\u00bb gutter_width=\u00bb1&#8243; make_equal=\u00bbon\u00bb padding_top_bottom_link_1=\u00bbfalse\u00bb padding_top_bottom_link_2=\u00bbtrue\u00bb padding_top_bottom_link_3=\u00bbtrue\u00bb padding_top_bottom_link_4=\u00bbtrue\u00bb padding_left_right_link_1=\u00bbtrue\u00bb padding_left_right_link_2=\u00bbtrue\u00bb padding_left_right_link_3=\u00bbtrue\u00bb padding_left_right_link_4=\u00bbtrue\u00bb _builder_version=\u00bb4.4.6&#8243; width=\u00bb100%\u00bb max_width=\u00bb100%\u00bb custom_padding=\u00bb0|0px|0px|0px|false|false\u00bb use_custom_width=\u00bbon\u00bb width_unit=\u00bboff\u00bb custom_width_percent=\u00bb100%\u00bb][et_pb_column type=\u00bb1_4&#8243; _builder_version=\u00bb4.4.6&#8243; background_color=\u00bb#ffffff\u00bb custom_padding=\u00bb40px|5%|40px|5%\u00bb custom_padding_tablet=\u00bb|10%||10%||true\u00bb custom_padding_phone=\u00bb\u00bb custom_padding_last_edited=\u00bbon|tablet\u00bb padding_tablet=\u00bb|10%||10%||true\u00bb padding_last_edited=\u00bbon|tablet\u00bb custom_padding__hover=\u00bb|||\u00bb][et_pb_blurb image=\u00bbhttps:\/\/wp.piensospadul.com\/wp-content\/uploads\/2020\/09\/LOGO-LAVANDERIA.jpg\u00bb _builder_version=\u00bb4.4.6&#8243; header_font=\u00bbJosefin Sans|700|||||||\u00bb header_line_height=\u00bb1.4em\u00bb body_font=\u00bbPoppins||||||||\u00bb body_text_color=\u00bb#000000&#8243; body_font_size=\u00bb13px\u00bb body_line_height=\u00bb1.8em\u00bb text_orientation=\u00bbcenter\u00bb background_layout=\u00bbdark\u00bb custom_margin=\u00bb||50px\u00bb animation_style=\u00bbfade\u00bb animation_direction=\u00bbtop\u00bb animation_starting_opacity=\u00bb100%\u00bb animation=\u00bboff\u00bb header_font_size_phone=\u00bb24px\u00bb header_font_size_last_edited=\u00bboff|desktop\u00bb locked=\u00bboff\u00bb]<\/p>\n<p>Lavander\u00eda<br \/> Autoservicio Padul<br \/>C\/ Teatro (junto a Caja Rural)<\/p>\n<p>[\/et_pb_blurb][\/et_pb_column][et_pb_column type=\u00bb1_4&#8243; _builder_version=\u00bb4.4.6&#8243; background_color=\u00bb#ff947f\u00bb custom_padding=\u00bb60px|40px|60px|40px|false|false\u00bb custom_padding__hover=\u00bb|||\u00bb][et_pb_blurb title=\u00bbLavadoras y Secadoras\u00bb image=\u00bbhttps:\/\/wp.piensospadul.com\/wp-content\/uploads\/2020\/09\/laundry-icon-01.png\u00bb _builder_version=\u00bb4.4.6&#8243; header_font=\u00bbPoppins|600|||||||\u00bb header_line_height=\u00bb1.4em\u00bb body_font=\u00bbPoppins||||||||\u00bb body_font_size=\u00bb15px\u00bb body_line_height=\u00bb1.8em\u00bb text_orientation=\u00bbcenter\u00bb background_layout=\u00bbdark\u00bb custom_margin=\u00bb||50px\u00bb animation_style=\u00bbfade\u00bb animation_direction=\u00bbtop\u00bb animation_starting_opacity=\u00bb100%\u00bb animation=\u00bboff\u00bb header_font_size_phone=\u00bb24px\u00bb header_font_size_last_edited=\u00bboff|desktop\u00bb locked=\u00bboff\u00bb]<\/p>\n<p>De 17Kg. &#8211; 14Kg. &#8211; 10Kg.<br \/>Abierto los 365 d\u00edas del a\u00f1o de 08:00 a 22:00h.<\/p>\n<p>[\/et_pb_blurb][\/et_pb_column][et_pb_column type=\u00bb1_4&#8243; _builder_version=\u00bb3.25&#8243; background_color=\u00bb#ffc882&#8243; custom_padding=\u00bb60px|40px|60px|40px\u00bb custom_padding__hover=\u00bb|||\u00bb][et_pb_blurb title=\u00bbDesde 5\u20ac lava:\u00bb image=\u00bbhttps:\/\/wp.piensospadul.com\/wp-content\/uploads\/2020\/09\/laundry-icon-04-1.png\u00bb _builder_version=\u00bb4.4.6&#8243; header_font=\u00bbPoppins|600|||||||\u00bb header_line_height=\u00bb1.4em\u00bb body_font=\u00bbPoppins||||||||\u00bb body_font_size=\u00bb15px\u00bb body_line_height=\u00bb1.8em\u00bb text_orientation=\u00bbcenter\u00bb background_layout=\u00bbdark\u00bb custom_margin=\u00bb||50px\u00bb animation_style=\u00bbfade\u00bb animation_direction=\u00bbtop\u00bb animation_starting_opacity=\u00bb100%\u00bb animation=\u00bboff\u00bb hover_enabled=\u00bb0&#8243; locked=\u00bboff\u00bb]<\/p>\n<p>N\u00f3rdicos, cortinas, colchas, almohadas, jarapas y tu colada semanal..<\/p>\n<p>[\/et_pb_blurb][\/et_pb_column][et_pb_column type=\u00bb1_4&#8243; _builder_version=\u00bb3.25&#8243; background_color=\u00bb#f4f2ef\u00bb custom_padding=\u00bb60px|40px|60px|40px\u00bb custom_padding__hover=\u00bb|||\u00bb][et_pb_blurb title=\u00bb&#8230; Y seca por 2\u20ac\u00bb image=\u00bbhttps:\/\/wp.piensospadul.com\/wp-content\/uploads\/2020\/09\/laundry-icon-03-1.png\u00bb _builder_version=\u00bb4.4.6&#8243; header_font=\u00bbPoppins|600|||||||\u00bb header_font_size=\u00bb17px\u00bb header_line_height=\u00bb1.4em\u00bb body_font=\u00bbPoppins||||||||\u00bb body_font_size=\u00bb15px\u00bb body_line_height=\u00bb1.8em\u00bb text_orientation=\u00bbcenter\u00bb custom_margin=\u00bb||50px\u00bb animation_style=\u00bbfade\u00bb animation_direction=\u00bbtop\u00bb animation_starting_opacity=\u00bb100%\u00bb animation=\u00bboff\u00bb header_font_size_phone=\u00bb24px\u00bb header_font_size_last_edited=\u00bboff|desktop\u00bb locked=\u00bboff\u00bb]<\/p>\n<p>Desinfecci\u00f3n total en cada lavado<\/p>\n<p>[\/et_pb_blurb][\/et_pb_column][\/et_pb_row][\/et_pb_section]<\/p>\n","protected":false},"excerpt":{"rendered":"<p>[et_pb_section fb_built=\u00bb1&#8243; _builder_version=\u00bb4.4.6&#8243;][et_pb_row use_custom_gutter=\u00bbon\u00bb gutter_width=\u00bb2&#8243; custom_padding_last_edited=\u00bbon|phone\u00bb _builder_version=\u00bb4.4.6&#8243; width=\u00bb100%\u00bb max_width=\u00bb100%\u00bb custom_padding=\u00bb|3%||3%|false|true\u00bb custom_padding_tablet=\u00bb|5%||5%|false|true\u00bb custom_padding_phone=\u00bb|||5%|false|false\u00bb][et_pb_column type=\u00bb4_4&#8243; _builder_version=\u00bb4.4.6&#8243;][et_pb_gallery gallery_ids=\u00bb320,227,350,351,352,353,354,355,356,357,358,359,360,361,362,657,656,655,654,653,652,651,650&#8243; posts_number=\u00bb30&#8243; show_title_and_caption=\u00bboff\u00bb show_pagination=\u00bboff\u00bb zoom_icon_color=\u00bb#ffffff\u00bb hover_overlay_color=\u00bbrgba(71,71,71,0.64)\u00bb hover_icon=\u00bb%%15%%\u00bb _builder_version=\u00bb4.4.6&#8243;][\/et_pb_gallery][\/et_pb_column][\/et_pb_row][\/et_pb_section][et_pb_section fb_built=\u00bb1&#8243; prev_background_color=\u00bb#ffffff\u00bb admin_label=\u00bbSpecial Offer Section\u00bb _builder_version=\u00bb4.4.6&#8243; background_color=\u00bb#e7efef\u00bb use_background_color_gradient=\u00bbon\u00bb background_color_gradient_start=\u00bbrgba(235,235,235,0)\u00bb background_color_gradient_end=\u00bb#ebebeb\u00bb background_color_gradient_direction=\u00bb90deg\u00bb background_color_gradient_end_position=\u00bb70%\u00bb background_color_gradient_overlays_image=\u00bbon\u00bb background_enable_image=\u00bboff\u00bb background_size=\u00bbcontain\u00bb background_position=\u00bbtop_left\u00bb background_blend=\u00bbmultiply\u00bb custom_padding=\u00bb12%|0px|10%|0px\u00bb top_divider_style=\u00bbslant\u00bb][et_pb_row column_structure=\u00bb1_2,1_2&#8243; admin_label=\u00bbRow\u00bb _builder_version=\u00bb3.25&#8243;][et_pb_column type=\u00bb1_2&#8243; _builder_version=\u00bb3.25&#8243; custom_padding=\u00bb|||\u00bb custom_padding__hover=\u00bb|||\u00bb][et_pb_image src=\u00bbhttps:\/\/wp.piensospadul.com\/wp-content\/uploads\/2020\/09\/banner3.jpg\u00bb title_text=\u00bbbanner3&#8243; align=\u00bbcenter\u00bb _builder_version=\u00bb4.4.6&#8243; background_enable_image=\u00bboff\u00bb border_width_all=\u00bb14px\u00bb][\/et_pb_image][\/et_pb_column][et_pb_column type=\u00bb1_2&#8243; [&hellip;]<\/p>\n","protected":false},"author":1,"featured_media":0,"parent":0,"menu_order":0,"comment_status":"closed","ping_status":"closed","template":"","meta":{"_et_pb_use_builder":"on","_et_pb_old_content":"","_et_gb_content_width":"","footnotes":""},"class_list":["post-322","page","type-page","status-publish","hentry"],"_links":{"self":[{"href":"https:\/\/wp.piensospadul.com\/index.php\/wp-json\/wp\/v2\/pages\/322","targetHints":{"allow":["GET"]}}],"collection":[{"href":"https:\/\/wp.piensospadul.com\/index.php\/wp-json\/wp\/v2\/pages"}],"about":[{"href":"https:\/\/wp.piensospadul.com\/index.php\/wp-json\/wp\/v2\/types\/page"}],"author":[{"embeddable":true,"href":"https:\/\/wp.piensospadul.com\/index.php\/wp-json\/wp\/v2\/users\/1"}],"replies":[{"embeddable":true,"href":"https:\/\/wp.piensospadul.com\/index.php\/wp-json\/wp\/v2\/comments?post=322"}],"version-history":[{"count":17,"href":"https:\/\/wp.piensospadul.com\/index.php\/wp-json\/wp\/v2\/pages\/322\/revisions"}],"predecessor-version":[{"id":686,"href":"https:\/\/wp.piensospadul.com\/index.php\/wp-json\/wp\/v2\/pages\/322\/revisions\/686"}],"wp:attachment":[{"href":"https:\/\/wp.piensospadul.com\/index.php\/wp-json\/wp\/v2\/media?parent=322"}],"curies":[{"name":"wp","href":"https:\/\/api.w.org\/{rel}","templated":true}]}}